{"id":1249,"date":"2020-04-09T11:06:10","date_gmt":"2020-04-09T09:06:10","guid":{"rendered":"http:\/\/nrgidev.nrgi.ch\/?page_id=1249"},"modified":"2025-10-31T10:40:22","modified_gmt":"2025-10-31T09:40:22","slug":"sponsors","status":"publish","type":"page","link":"https:\/\/www.nrgi.ch\/index.php\/sponsors\/","title":{"rendered":"Sponsors"},"content":{"rendered":"\t\t<div data-elementor-type=\"wp-post\" data-elementor-id=\"1249\" class=\"elementor elementor-1249\">\n\t\t\t\t\t\t<section class=\"elementor-section elementor-top-section elementor-element elementor-element-e721cba elementor-section-full_width elementor-section-height-default elementor-section-height-default\" data-id=\"e721cba\" data-element_type=\"section\" data-e-type=\"section\" data-settings=\"{&quot;background_background&quot;:&quot;classic&quot;}\">\n\t\t\t\t\t\t\t<div class=\"elementor-background-overlay\"><\/div>\n\t\t\t\t\t\t\t<div class=\"elementor-container elementor-column-gap-default\">\n\t\t\t\t\t<div class=\"elementor-column elementor-col-100 elementor-top-column elementor-element elementor-element-db72fde\" data-id=\"db72fde\" data-element_type=\"column\" data-e-type=\"column\" data-settings=\"{&quot;background_background&quot;:&quot;classic&quot;}\">\n\t\t\t<div class=\"elementor-widget-wrap elementor-element-populated\">\n\t\t\t\t\t\t<div class=\"elementor-element elementor-element-1cab2a0 elementor-widget elementor-widget-spacer\" data-id=\"1cab2a0\" data-element_type=\"widget\" data-e-type=\"widget\" data-widget_type=\"spacer.default\">\n\t\t\t\t<div class=\"elementor-widget-container\">\n\t\t\t\t\t\t\t<div class=\"elementor-spacer\">\n\t\t\t<div class=\"elementor-spacer-inner\"><\/div>\n\t\t<\/div>\n\t\t\t\t\t\t<\/div>\n\t\t\t\t<\/div>\n\t\t\t\t<div class=\"elementor-element elementor-element-f379547 elementor-invisible elementor-widget elementor-widget-heading\" data-id=\"f379547\" data-element_type=\"widget\" data-e-type=\"widget\" data-settings=\"{&quot;_animation&quot;:&quot;fadeInLeft&quot;}\" data-widget_type=\"heading.default\">\n\t\t\t\t<div class=\"elementor-widget-container\">\n\t\t\t\t\t<h2 class=\"elementor-heading-title elementor-size-default\">Sponsors<\/h2>\t\t\t\t<\/div>\n\t\t\t\t<\/div>\n\t\t\t\t<section class=\"elementor-section elementor-inner-section elementor-element elementor-element-fff6c62 elementor-section-boxed elementor-section-height-default elementor-section-height-default\" data-id=\"fff6c62\" data-element_type=\"section\" data-e-type=\"section\">\n\t\t\t\t\t\t<div class=\"elementor-container elementor-column-gap-default\">\n\t\t\t\t\t<div class=\"elementor-column elementor-col-50 elementor-inner-column elementor-element elementor-element-173fe6a\" data-id=\"173fe6a\" data-element_type=\"column\" data-e-type=\"column\">\n\t\t\t<div class=\"elementor-widget-wrap elementor-element-populated\">\n\t\t\t\t\t\t<div class=\"elementor-element elementor-element-1212a8e elementor-view-stacked elementor-shape-circle elementor-widget elementor-widget-icon\" data-id=\"1212a8e\" data-element_type=\"widget\" data-e-type=\"widget\" data-widget_type=\"icon.default\">\n\t\t\t\t<div class=\"elementor-widget-container\">\n\t\t\t\t\t\t\t<div class=\"elementor-icon-wrapper\">\n\t\t\t<div class=\"elementor-icon\">\n\t\t\t<i aria-hidden=\"true\" class=\"far fa-handshake\"><\/i>\t\t\t<\/div>\n\t\t<\/div>\n\t\t\t\t\t\t<\/div>\n\t\t\t\t<\/div>\n\t\t\t\t\t<\/div>\n\t\t<\/div>\n\t\t\t\t<div class=\"elementor-column elementor-col-50 elementor-inner-column elementor-element elementor-element-ffd1ed5\" data-id=\"ffd1ed5\" data-element_type=\"column\" data-e-type=\"column\">\n\t\t\t<div class=\"elementor-widget-wrap elementor-element-populated\">\n\t\t\t\t\t\t<div class=\"elementor-element elementor-element-9bdd5e1 elementor-widget elementor-widget-text-editor\" data-id=\"9bdd5e1\" data-element_type=\"widget\" data-e-type=\"widget\" data-widget_type=\"text-editor.default\">\n\t\t\t\t<div class=\"elementor-widget-container\">\n\t\t\t\t\t\t\t\t\t<p>Notre association est \u00e0 la recherche de sponsors ! Si vous \u00eates int\u00e9ress\u00e9, vous pouvez nous\u00a0<a href=\"mailto:info@nrgi.ch\">contacter<\/a>\u00a0!!<\/p><p>Comment nous soutenir ? <a href=\"http:\/\/nrgidev.nrgi.ch\/wp-content\/uploads\/2020\/10\/sponsors.pdf\">Propositions et contre-prestations<\/a><\/p>\t\t\t\t\t\t\t\t<\/div>\n\t\t\t\t<\/div>\n\t\t\t\t\t<\/div>\n\t\t<\/div>\n\t\t\t\t\t<\/div>\n\t\t<\/section>\n\t\t\t\t<div class=\"elementor-element elementor-element-fcfa9b4 elementor-hidden-phone elementor-widget elementor-widget-spacer\" data-id=\"fcfa9b4\" data-element_type=\"widget\" data-e-type=\"widget\" data-widget_type=\"spacer.default\">\n\t\t\t\t<div class=\"elementor-widget-container\">\n\t\t\t\t\t\t\t<div class=\"elementor-spacer\">\n\t\t\t<div class=\"elementor-spacer-inner\"><\/div>\n\t\t<\/div>\n\t\t\t\t\t\t<\/div>\n\t\t\t\t<\/div>\n\t\t\t\t<section class=\"elementor-section elementor-inner-section elementor-element elementor-element-2eef268 elementor-section-boxed elementor-section-height-default elementor-section-height-default\" data-id=\"2eef268\" data-element_type=\"section\" data-e-type=\"section\" data-settings=\"{&quot;background_background&quot;:&quot;classic&quot;}\">\n\t\t\t\t\t\t<div class=\"elementor-container elementor-column-gap-default\">\n\t\t\t\t\t<div class=\"elementor-column elementor-col-33 elementor-inner-column elementor-element elementor-element-bf1f07b\" data-id=\"bf1f07b\" data-element_type=\"column\" data-e-type=\"column\">\n\t\t\t<div class=\"elementor-widget-wrap elementor-element-populated\">\n\t\t\t\t\t\t<div class=\"elementor-element elementor-element-30d4058 elementor-widget elementor-widget-image\" data-id=\"30d4058\" data-element_type=\"widget\" data-e-type=\"widget\" data-widget_type=\"image.default\">\n\t\t\t\t<div class=\"elementor-widget-container\">\n\t\t\t\t\t\t\t\t\t\t\t\t\t\t\t\t<a href=\"https:\/\/www.grisoni-zaugg.ch\/\" target=\"_blank\">\n\t\t\t\t\t\t\t<img decoding=\"async\" src=\"https:\/\/www.nrgi.ch\/wp-content\/uploads\/2022\/12\/Logo_Grisoni.png\" title=\"\" alt=\"\" loading=\"lazy\" \/>\t\t\t\t\t\t\t\t<\/a>\n\t\t\t\t\t\t\t\t\t\t\t\t\t\t\t<\/div>\n\t\t\t\t<\/div>\n\t\t\t\t<div class=\"elementor-element elementor-element-abeb11a elementor-widget elementor-widget-image\" data-id=\"abeb11a\" data-element_type=\"widget\" data-e-type=\"widget\" data-widget_type=\"image.default\">\n\t\t\t\t<div class=\"elementor-widget-container\">\n\t\t\t\t\t\t\t\t\t\t\t\t\t\t\t\t<a href=\"https:\/\/www.doutaz-sa.ch\/\" target=\"_blank\">\n\t\t\t\t\t\t\t<img decoding=\"async\" width=\"1\" height=\"1\" src=\"https:\/\/www.nrgi.ch\/wp-content\/uploads\/2021\/11\/DOUTAZ_LOGO_ARCHITECTURE-ID-73472.tif\" class=\"attachment-large size-large wp-image-9006\" alt=\"\" \/>\t\t\t\t\t\t\t\t<\/a>\n\t\t\t\t\t\t\t\t\t\t\t\t\t\t\t<\/div>\n\t\t\t\t<\/div>\n\t\t\t\t<div class=\"elementor-element elementor-element-a643eac elementor-widget elementor-widget-image\" data-id=\"a643eac\" data-element_type=\"widget\" data-e-type=\"widget\" data-widget_type=\"image.default\">\n\t\t\t\t<div class=\"elementor-widget-container\">\n\t\t\t\t\t\t\t\t\t\t\t\t\t\t\t\t<a href=\"https:\/\/www.castella-sports.ch\/magasins\/castella-2-0\/\" target=\"_blank\">\n\t\t\t\t\t\t\t<img decoding=\"async\" width=\"300\" height=\"109\" src=\"https:\/\/www.nrgi.ch\/wp-content\/uploads\/2020\/02\/castellaSports2-Nordique-01-300x109-2.jpg\" class=\"attachment-large size-large wp-image-411\" alt=\"\" \/>\t\t\t\t\t\t\t\t<\/a>\n\t\t\t\t\t\t\t\t\t\t\t\t\t\t\t<\/div>\n\t\t\t\t<\/div>\n\t\t\t\t<div class=\"elementor-element elementor-element-b1a7fda elementor-widget elementor-widget-image\" data-id=\"b1a7fda\" data-element_type=\"widget\" data-e-type=\"widget\" data-widget_type=\"image.default\">\n\t\t\t\t<div class=\"elementor-widget-container\">\n\t\t\t\t\t\t\t\t\t\t\t\t\t\t\t\t<a href=\"http:\/\/www.sales.ch\/\" target=\"_blank\">\n\t\t\t\t\t\t\t<img fetchpriority=\"high\" decoding=\"async\" width=\"238\" height=\"300\" src=\"https:\/\/www.nrgi.ch\/wp-content\/uploads\/2020\/02\/Logo_S\u00e2les-238x300-1.jpg\" class=\"attachment-medium_large size-medium_large wp-image-86\" alt=\"\" \/>\t\t\t\t\t\t\t\t<\/a>\n\t\t\t\t\t\t\t\t\t\t\t\t\t\t\t<\/div>\n\t\t\t\t<\/div>\n\t\t\t\t\t<\/div>\n\t\t<\/div>\n\t\t\t\t<div class=\"elementor-column elementor-col-33 elementor-inner-column elementor-element elementor-element-d417d88\" data-id=\"d417d88\" data-element_type=\"column\" data-e-type=\"column\">\n\t\t\t<div class=\"elementor-widget-wrap elementor-element-populated\">\n\t\t\t\t\t\t<div class=\"elementor-element elementor-element-c7cc03f elementor-widget elementor-widget-image\" data-id=\"c7cc03f\" data-element_type=\"widget\" data-e-type=\"widget\" data-widget_type=\"image.default\">\n\t\t\t\t<div class=\"elementor-widget-container\">\n\t\t\t\t\t\t\t\t\t\t\t\t\t\t\t\t<a href=\"https:\/\/romandieskidefond.ch\/\" target=\"_blank\">\n\t\t\t\t\t\t\t<img loading=\"lazy\" decoding=\"async\" width=\"300\" height=\"104\" src=\"https:\/\/www.nrgi.ch\/wp-content\/uploads\/2020\/02\/logo_rsf-1.png\" class=\"attachment-large size-large wp-image-414\" alt=\"\" \/>\t\t\t\t\t\t\t\t<\/a>\n\t\t\t\t\t\t\t\t\t\t\t\t\t\t\t<\/div>\n\t\t\t\t<\/div>\n\t\t\t\t<div class=\"elementor-element elementor-element-9c136e4 elementor-widget elementor-widget-image\" data-id=\"9c136e4\" data-element_type=\"widget\" data-e-type=\"widget\" data-widget_type=\"image.default\">\n\t\t\t\t<div class=\"elementor-widget-container\">\n\t\t\t\t\t\t\t\t\t\t\t\t\t\t\t\t<a href=\"https:\/\/www.nicolasjaquetsa.ch\/\" target=\"_blank\">\n\t\t\t\t\t\t\t<img loading=\"lazy\" decoding=\"async\" width=\"738\" height=\"254\" src=\"https:\/\/www.nrgi.ch\/wp-content\/uploads\/2020\/11\/nicolasjacquet.png\" class=\"attachment-large size-large wp-image-8720\" alt=\"\" srcset=\"https:\/\/www.nrgi.ch\/wp-content\/uploads\/2020\/11\/nicolasjacquet.png 738w, https:\/\/www.nrgi.ch\/wp-content\/uploads\/2020\/11\/nicolasjacquet-300x103.png 300w\" sizes=\"(max-width: 738px) 100vw, 738px\" \/>\t\t\t\t\t\t\t\t<\/a>\n\t\t\t\t\t\t\t\t\t\t\t\t\t\t\t<\/div>\n\t\t\t\t<\/div>\n\t\t\t\t<div class=\"elementor-element elementor-element-86148da elementor-widget elementor-widget-image\" data-id=\"86148da\" data-element_type=\"widget\" data-e-type=\"widget\" data-widget_type=\"image.default\">\n\t\t\t\t<div class=\"elementor-widget-container\">\n\t\t\t\t\t\t\t\t\t\t\t\t\t\t\t\t<a href=\"https:\/\/www.marsens.ch\/fr\" target=\"_blank\">\n\t\t\t\t\t\t\t<img loading=\"lazy\" decoding=\"async\" width=\"300\" height=\"138\" src=\"https:\/\/www.nrgi.ch\/wp-content\/uploads\/2020\/02\/Marsens.jpg\" class=\"attachment-large size-large wp-image-89\" alt=\"\" \/>\t\t\t\t\t\t\t\t<\/a>\n\t\t\t\t\t\t\t\t\t\t\t\t\t\t\t<\/div>\n\t\t\t\t<\/div>\n\t\t\t\t<div class=\"elementor-element elementor-element-5bd2aa0 elementor-widget elementor-widget-image\" data-id=\"5bd2aa0\" data-element_type=\"widget\" data-e-type=\"widget\" data-widget_type=\"image.default\">\n\t\t\t\t<div class=\"elementor-widget-container\">\n\t\t\t\t\t\t\t\t\t\t\t\t\t\t\t\t<a href=\"https:\/\/www.mobiliere.ch\/\">\n\t\t\t\t\t\t\t<img loading=\"lazy\" decoding=\"async\" width=\"300\" height=\"46\" src=\"https:\/\/www.nrgi.ch\/wp-content\/uploads\/2020\/02\/1024px-Miele_logo-1.png\" class=\"attachment-large size-large wp-image-410\" alt=\"\" \/>\t\t\t\t\t\t\t\t<\/a>\n\t\t\t\t\t\t\t\t\t\t\t\t\t\t\t<\/div>\n\t\t\t\t<\/div>\n\t\t\t\t<div class=\"elementor-element elementor-element-cf94d24 elementor-widget elementor-widget-image\" data-id=\"cf94d24\" data-element_type=\"widget\" data-e-type=\"widget\" data-widget_type=\"image.default\">\n\t\t\t\t<div class=\"elementor-widget-container\">\n\t\t\t\t\t\t\t\t\t\t\t\t\t\t\t\t<a href=\"https:\/\/beaud-mbf.ch\">\n\t\t\t\t\t\t\t<img loading=\"lazy\" decoding=\"async\" width=\"1024\" height=\"623\" src=\"https:\/\/www.nrgi.ch\/wp-content\/uploads\/2021\/12\/MBF-1-1024x623.png\" class=\"attachment-large size-large wp-image-9195\" alt=\"\" srcset=\"https:\/\/www.nrgi.ch\/wp-content\/uploads\/2021\/12\/MBF-1-1024x623.png 1024w, https:\/\/www.nrgi.ch\/wp-content\/uploads\/2021\/12\/MBF-1-300x182.png 300w, https:\/\/www.nrgi.ch\/wp-content\/uploads\/2021\/12\/MBF-1-768x467.png 768w, https:\/\/www.nrgi.ch\/wp-content\/uploads\/2021\/12\/MBF-1.png 1097w\" sizes=\"(max-width: 1024px) 100vw, 1024px\" \/>\t\t\t\t\t\t\t\t<\/a>\n\t\t\t\t\t\t\t\t\t\t\t\t\t\t\t<\/div>\n\t\t\t\t<\/div>\n\t\t\t\t\t<\/div>\n\t\t<\/div>\n\t\t\t\t<div class=\"elementor-column elementor-col-33 elementor-inner-column elementor-element elementor-element-841efa1\" data-id=\"841efa1\" data-element_type=\"column\" data-e-type=\"column\">\n\t\t\t<div class=\"elementor-widget-wrap elementor-element-populated\">\n\t\t\t\t\t\t<div class=\"elementor-element elementor-element-24180bf elementor-widget elementor-widget-image\" data-id=\"24180bf\" data-element_type=\"widget\" data-e-type=\"widget\" data-widget_type=\"image.default\">\n\t\t\t\t<div class=\"elementor-widget-container\">\n\t\t\t\t\t\t\t\t\t\t\t\t\t\t\t\t<a href=\"https:\/\/www.riaz.ch\/\" target=\"_blank\">\n\t\t\t\t\t\t\t<img loading=\"lazy\" decoding=\"async\" width=\"463\" height=\"353\" src=\"https:\/\/www.nrgi.ch\/wp-content\/uploads\/2024\/10\/Riaz_logo_CMJN.png\" class=\"attachment-large size-large wp-image-10388\" alt=\"\" srcset=\"https:\/\/www.nrgi.ch\/wp-content\/uploads\/2024\/10\/Riaz_logo_CMJN.png 463w, https:\/\/www.nrgi.ch\/wp-content\/uploads\/2024\/10\/Riaz_logo_CMJN-300x229.png 300w\" sizes=\"(max-width: 463px) 100vw, 463px\" \/>\t\t\t\t\t\t\t\t<\/a>\n\t\t\t\t\t\t\t\t\t\t\t\t\t\t\t<\/div>\n\t\t\t\t<\/div>\n\t\t\t\t<div class=\"elementor-element elementor-element-8c64bcf elementor-widget elementor-widget-image\" data-id=\"8c64bcf\" data-element_type=\"widget\" data-e-type=\"widget\" data-widget_type=\"image.default\">\n\t\t\t\t<div class=\"elementor-widget-container\">\n\t\t\t\t\t\t\t\t\t\t\t\t\t\t\t<img loading=\"lazy\" decoding=\"async\" width=\"1024\" height=\"495\" src=\"https:\/\/www.nrgi.ch\/wp-content\/uploads\/2021\/11\/LOGO-PKSA-jpg-2021-1024x495.jpg\" class=\"attachment-large size-large wp-image-9023\" alt=\"\" srcset=\"https:\/\/www.nrgi.ch\/wp-content\/uploads\/2021\/11\/LOGO-PKSA-jpg-2021-1024x495.jpg 1024w, https:\/\/www.nrgi.ch\/wp-content\/uploads\/2021\/11\/LOGO-PKSA-jpg-2021-300x145.jpg 300w, https:\/\/www.nrgi.ch\/wp-content\/uploads\/2021\/11\/LOGO-PKSA-jpg-2021-768x371.jpg 768w, https:\/\/www.nrgi.ch\/wp-content\/uploads\/2021\/11\/LOGO-PKSA-jpg-2021-1536x742.jpg 1536w, https:\/\/www.nrgi.ch\/wp-content\/uploads\/2021\/11\/LOGO-PKSA-jpg-2021-2048x990.jpg 2048w\" sizes=\"(max-width: 1024px) 100vw, 1024px\" \/>\t\t\t\t\t\t\t\t\t\t\t\t\t\t\t<\/div>\n\t\t\t\t<\/div>\n\t\t\t\t<div class=\"elementor-element elementor-element-5cd2aa6 elementor-widget elementor-widget-image\" data-id=\"5cd2aa6\" data-element_type=\"widget\" data-e-type=\"widget\" data-widget_type=\"image.default\">\n\t\t\t\t<div class=\"elementor-widget-container\">\n\t\t\t\t\t\t\t\t\t\t\t\t\t\t\t\t<a href=\"https:\/\/www.sorens.ch\/\" target=\"_blank\">\n\t\t\t\t\t\t\t<img loading=\"lazy\" decoding=\"async\" width=\"237\" height=\"300\" src=\"https:\/\/www.nrgi.ch\/wp-content\/uploads\/2020\/02\/Sorens-coat_of_arms.jpg\" class=\"attachment-large size-large wp-image-93\" alt=\"\" \/>\t\t\t\t\t\t\t\t<\/a>\n\t\t\t\t\t\t\t\t\t\t\t\t\t\t\t<\/div>\n\t\t\t\t<\/div>\n\t\t\t\t<div class=\"elementor-element elementor-element-5f547fb elementor-widget elementor-widget-image\" data-id=\"5f547fb\" data-element_type=\"widget\" data-e-type=\"widget\" data-widget_type=\"image.default\">\n\t\t\t\t<div class=\"elementor-widget-container\">\n\t\t\t\t\t\t\t\t\t\t\t\t\t\t\t\t<a href=\"https:\/\/www.fr.ch\/sport-et-loisirs\/sport-de-loisirs\/loro-sport\">\n\t\t\t\t\t\t\t<img loading=\"lazy\" decoding=\"async\" width=\"300\" height=\"104\" src=\"https:\/\/www.nrgi.ch\/wp-content\/uploads\/2024\/04\/lorosportfr-300x104.jpeg\" class=\"attachment-medium size-medium wp-image-10313\" alt=\"\" srcset=\"https:\/\/www.nrgi.ch\/wp-content\/uploads\/2024\/04\/lorosportfr-300x104.jpeg 300w, https:\/\/www.nrgi.ch\/wp-content\/uploads\/2024\/04\/lorosportfr.jpeg 474w\" sizes=\"(max-width: 300px) 100vw, 300px\" \/>\t\t\t\t\t\t\t\t<\/a>\n\t\t\t\t\t\t\t\t\t\t\t\t\t\t\t<\/div>\n\t\t\t\t<\/div>\n\t\t\t\t\t<\/div>\n\t\t<\/div>\n\t\t\t\t\t<\/div>\n\t\t<\/section>\n\t\t\t\t<div class=\"elementor-element elementor-element-2317537 elementor-widget elementor-widget-spacer\" data-id=\"2317537\" data-element_type=\"widget\" data-e-type=\"widget\" data-widget_type=\"spacer.default\">\n\t\t\t\t<div class=\"elementor-widget-container\">\n\t\t\t\t\t\t\t<div class=\"elementor-spacer\">\n\t\t\t<div class=\"elementor-spacer-inner\"><\/div>\n\t\t<\/div>\n\t\t\t\t\t\t<\/div>\n\t\t\t\t<\/div>\n\t\t\t\t\t<\/div>\n\t\t<\/div>\n\t\t\t\t\t<\/div>\n\t\t<\/section>\n\t\t\t\t<\/div>\n\t\t","protected":false},"excerpt":{"rendered":"<p>Sponsors Notre association est \u00e0 la recherche de sponsors ! Si vous \u00eates int\u00e9ress\u00e9, vous pouvez nous\u00a0contacter\u00a0!! Comment nous soutenir ? Propositions et contre-prestations<\/p>\n","protected":false},"author":2,"featured_media":0,"parent":0,"menu_order":0,"comment_status":"closed","ping_status":"closed","template":"page-templates\/pagebuilder.php","meta":{"zakra_page_container_layout":"stretched","zakra_page_sidebar_layout":"no_sidebar","zakra_remove_content_margin":false,"zakra_sidebar":"customizer","zakra_transparent_header":"0","zakra_logo":0,"zakra_main_header_style":"default","zakra_menu_item_color":"","zakra_menu_item_hover_color":"","zakra_menu_item_active_color":"","zakra_menu_active_style":"style-1","zakra_page_header":true,"footnotes":""},"class_list":["post-1249","page","type-page","status-publish","hentry"],"jetpack_sharing_enabled":true,"_links":{"self":[{"href":"https:\/\/www.nrgi.ch\/index.php\/wp-json\/wp\/v2\/pages\/1249","targetHints":{"allow":["GET"]}}],"collection":[{"href":"https:\/\/www.nrgi.ch\/index.php\/wp-json\/wp\/v2\/pages"}],"about":[{"href":"https:\/\/www.nrgi.ch\/index.php\/wp-json\/wp\/v2\/types\/page"}],"author":[{"embeddable":true,"href":"https:\/\/www.nrgi.ch\/index.php\/wp-json\/wp\/v2\/users\/2"}],"replies":[{"embeddable":true,"href":"https:\/\/www.nrgi.ch\/index.php\/wp-json\/wp\/v2\/comments?post=1249"}],"version-history":[{"count":91,"href":"https:\/\/www.nrgi.ch\/index.php\/wp-json\/wp\/v2\/pages\/1249\/revisions"}],"predecessor-version":[{"id":10621,"href":"https:\/\/www.nrgi.ch\/index.php\/wp-json\/wp\/v2\/pages\/1249\/revisions\/10621"}],"wp:attachment":[{"href":"https:\/\/www.nrgi.ch\/index.php\/wp-json\/wp\/v2\/media?parent=1249"}],"curies":[{"name":"wp","href":"https:\/\/api.w.org\/{rel}","templated":true}]}}